{"id":96,"date":"2022-04-28T20:45:09","date_gmt":"2022-04-28T20:45:09","guid":{"rendered":"https:\/\/www.prodt.ca\/?page_id=96"},"modified":"2024-03-12T18:58:06","modified_gmt":"2024-03-12T18:58:06","slug":"residential-roof-snow-removal","status":"publish","type":"page","link":"https:\/\/www.prodt.ca\/en\/winter-services\/residential-roof-snow-removal\/","title":{"rendered":"Residential roof snow removal"},"content":{"rendered":"\n<h2 class=\"Line wp-block-heading\">Residential roof snow removal Greater Montreal &amp; Laval<\/h2>\n\n\n\n<p>If there is one place that can be difficult to access during the winter, it is your roof. However, for safety reasons, lack of energy or time, it is often a job that we avoid doing ourselves.<\/p>\n\n\n\n<p>The ProDT Services&#8217; team offers you its residential roof snow removal service throughout the winter. Our technicians are specially trained to safely remove snow and ice from your roof in order to preserve the structure of your roof and prevent it from collapsing under the weight of the snow.\u00a0<\/p>\n\n\n\n<p>It is important to specify that we offer this service to residents of the Greater Montreal &amp; Laval sector.<\/p>\n\n\n\n<div style=\"height:60px\" aria-hidden=\"true\" class=\"wp-block-spacer\"><\/div>\n\n\n\n<h3 class=\"Line wp-block-heading\"><strong>What are the benefits of a professional roof snow removal service?<\/strong><\/h3>\n\n\n\n<ul class=\"wp-block-list\"><li>Reduction of potential accidents<\/li><li>Preservation of the roof structure<\/li><li>Preservation of the safety of occupants and passers-by<\/li><\/ul>\n\n\n\n<div style=\"height:60px\" aria-hidden=\"true\" class=\"wp-block-spacer\"><\/div>\n\n\n\n<h3 class=\"wp-block-heading\"><strong>Why choose Pro DT Services to remove snow from your roof?<\/strong><\/h3>\n\n\n\n<ul class=\"wp-block-list\"><li>Professional, fast and efficient service<\/li><li>Technicians specially trained in roof snow removal<\/li><li>State-of-the-art equipment<\/li><li>Scheduling of tasks according to your needs and availability<\/li><li>Competitive prices<\/li><li>Safety standards applied to the letter<\/li><\/ul>\n\n\n\n<div style=\"height:60px\" aria-hidden=\"true\" class=\"wp-block-spacer\"><\/div>\n\n\n\n<h3 class=\"wp-block-heading\"><strong>Call us now for a free quote!<\/strong><\/h3>\n\n\n\n<p>If you would like more information about our roof snow removal service, our prices, our other services or if you would like to request a free quote, please <a href=\"https:\/\/www.prodt.ca\/en\/contact\/\">contact us<\/a>. It will be our pleasure to answer your questions!<\/p>\n","protected":false},"excerpt":{"rendered":"<p>Residential roof snow removal Greater Montreal &amp; Laval If there is one place that can be difficult to access during the winter, it is your roof. However, for safety reasons, lack of energy or time, it is often a job [&hellip;]<\/p>\n","protected":false},"author":1,"featured_media":147,"parent":92,"menu_order":0,"comment_status":"closed","ping_status":"closed","template":"page-sidebar.php","meta":{"footnotes":""},"class_list":["post-96","page","type-page","status-publish","has-post-thumbnail","hentry"],"yoast_head":"<!-- This site is optimized with the Yoast SEO plugin v25.7 - https:\/\/yoast.com\/wordpress\/plugins\/seo\/ -->\n<title>Residential roof snow removal Greater Montreal Laval | Pro DT Services Inc.<\/title>\n<meta name=\"description\" content=\"To preserve your roof\u2019s structure, benefit from our professional residential roofing snow removal service in Greater Montreal &amp; Laval. Call us for a free quote!\" \/>\n<meta name=\"robots\" content=\"index, follow, max-snippet:-1, max-image-preview:large, max-video-preview:-1\" \/>\n<link rel=\"canonical\" href=\"https:\/\/www.prodt.ca\/en\/winter-services\/residential-roof-snow-removal\/\" \/>\n<meta property=\"og:locale\" content=\"en_US\" \/>\n<meta property=\"og:type\" content=\"article\" \/>\n<meta property=\"og:title\" content=\"Residential roof snow removal Greater Montreal Laval | Pro DT Services Inc.\" \/>\n<meta property=\"og:description\" content=\"To preserve your roof\u2019s structure, benefit from our professional residential roofing snow removal service in Greater Montreal &amp; Laval. Call us for a free quote!\" \/>\n<meta property=\"og:url\" content=\"https:\/\/www.prodt.ca\/en\/winter-services\/residential-roof-snow-removal\/\" \/>\n<meta property=\"og:site_name\" content=\"Pro DT Services Inc.\" \/>\n<meta property=\"article:modified_time\" content=\"2024-03-12T18:58:06+00:00\" \/>\n<meta property=\"og:image\" content=\"https:\/\/www.prodt.ca\/wp-content\/uploads\/2022\/04\/roof-snow.jpg\" \/>\n\t<meta property=\"og:image:width\" content=\"1873\" \/>\n\t<meta property=\"og:image:height\" content=\"1244\" \/>\n\t<meta property=\"og:image:type\" content=\"image\/jpeg\" \/>\n<meta name=\"twitter:card\" content=\"summary_large_image\" \/>\n<meta name=\"twitter:label1\" content=\"Est. reading time\" \/>\n\t<meta name=\"twitter:data1\" content=\"2 minutes\" \/>\n<script type=\"application\/ld+json\" class=\"yoast-schema-graph\">{\"@context\":\"https:\/\/schema.org\",\"@graph\":[{\"@type\":\"WebPage\",\"@id\":\"https:\/\/www.prodt.ca\/en\/winter-services\/residential-roof-snow-removal\/\",\"url\":\"https:\/\/www.prodt.ca\/en\/winter-services\/residential-roof-snow-removal\/\",\"name\":\"Residential roof snow removal Greater Montreal Laval | Pro DT Services Inc.\",\"isPartOf\":{\"@id\":\"https:\/\/www.prodt.ca\/en\/#website\"},\"primaryImageOfPage\":{\"@id\":\"https:\/\/www.prodt.ca\/en\/winter-services\/residential-roof-snow-removal\/#primaryimage\"},\"image\":{\"@id\":\"https:\/\/www.prodt.ca\/en\/winter-services\/residential-roof-snow-removal\/#primaryimage\"},\"thumbnailUrl\":\"https:\/\/www.prodt.ca\/wp-content\/uploads\/2022\/04\/roof-snow.jpg\",\"datePublished\":\"2022-04-28T20:45:09+00:00\",\"dateModified\":\"2024-03-12T18:58:06+00:00\",\"description\":\"To preserve your roof\u2019s structure, benefit from our professional residential roofing snow removal service in Greater Montreal & Laval. Call us for a free quote!\",\"breadcrumb\":{\"@id\":\"https:\/\/www.prodt.ca\/en\/winter-services\/residential-roof-snow-removal\/#breadcrumb\"},\"inLanguage\":\"en-US\",\"potentialAction\":[{\"@type\":\"ReadAction\",\"target\":[\"https:\/\/www.prodt.ca\/en\/winter-services\/residential-roof-snow-removal\/\"]}]},{\"@type\":\"ImageObject\",\"inLanguage\":\"en-US\",\"@id\":\"https:\/\/www.prodt.ca\/en\/winter-services\/residential-roof-snow-removal\/#primaryimage\",\"url\":\"https:\/\/www.prodt.ca\/wp-content\/uploads\/2022\/04\/roof-snow.jpg\",\"contentUrl\":\"https:\/\/www.prodt.ca\/wp-content\/uploads\/2022\/04\/roof-snow.jpg\",\"width\":1873,\"height\":1244,\"caption\":\"D\u00e9neigement de toiture pour maison et commerce \u00e0 Montr\u00e9al et \u00e0 Laval\"},{\"@type\":\"BreadcrumbList\",\"@id\":\"https:\/\/www.prodt.ca\/en\/winter-services\/residential-roof-snow-removal\/#breadcrumb\",\"itemListElement\":[{\"@type\":\"ListItem\",\"position\":1,\"name\":\"Home\",\"item\":\"https:\/\/www.prodt.ca\/en\/\"},{\"@type\":\"ListItem\",\"position\":2,\"name\":\"Winter residential services\",\"item\":\"https:\/\/www.prodt.ca\/en\/winter-services\/\"},{\"@type\":\"ListItem\",\"position\":3,\"name\":\"Residential roof snow removal\"}]},{\"@type\":\"WebSite\",\"@id\":\"https:\/\/www.prodt.ca\/en\/#website\",\"url\":\"https:\/\/www.prodt.ca\/en\/\",\"name\":\"Pro DT Services Inc.\",\"description\":\"Un service de qualit\u00e9\",\"potentialAction\":[{\"@type\":\"SearchAction\",\"target\":{\"@type\":\"EntryPoint\",\"urlTemplate\":\"https:\/\/www.prodt.ca\/en\/?s={search_term_string}\"},\"query-input\":{\"@type\":\"PropertyValueSpecification\",\"valueRequired\":true,\"valueName\":\"search_term_string\"}}],\"inLanguage\":\"en-US\"}]}<\/script>\n<!-- \/ Yoast SEO plugin. -->","yoast_head_json":{"title":"Residential roof snow removal Greater Montreal Laval | Pro DT Services Inc.","description":"To preserve your roof\u2019s structure, benefit from our professional residential roofing snow removal service in Greater Montreal & Laval. Call us for a free quote!","robots":{"index":"index","follow":"follow","max-snippet":"max-snippet:-1","max-image-preview":"max-image-preview:large","max-video-preview":"max-video-preview:-1"},"canonical":"https:\/\/www.prodt.ca\/en\/winter-services\/residential-roof-snow-removal\/","og_locale":"en_US","og_type":"article","og_title":"Residential roof snow removal Greater Montreal Laval | Pro DT Services Inc.","og_description":"To preserve your roof\u2019s structure, benefit from our professional residential roofing snow removal service in Greater Montreal & Laval. Call us for a free quote!","og_url":"https:\/\/www.prodt.ca\/en\/winter-services\/residential-roof-snow-removal\/","og_site_name":"Pro DT Services Inc.","article_modified_time":"2024-03-12T18:58:06+00:00","og_image":[{"width":1873,"height":1244,"url":"https:\/\/www.prodt.ca\/wp-content\/uploads\/2022\/04\/roof-snow.jpg","type":"image\/jpeg"}],"twitter_card":"summary_large_image","twitter_misc":{"Est. reading time":"2 minutes"},"schema":{"@context":"https:\/\/schema.org","@graph":[{"@type":"WebPage","@id":"https:\/\/www.prodt.ca\/en\/winter-services\/residential-roof-snow-removal\/","url":"https:\/\/www.prodt.ca\/en\/winter-services\/residential-roof-snow-removal\/","name":"Residential roof snow removal Greater Montreal Laval | Pro DT Services Inc.","isPartOf":{"@id":"https:\/\/www.prodt.ca\/en\/#website"},"primaryImageOfPage":{"@id":"https:\/\/www.prodt.ca\/en\/winter-services\/residential-roof-snow-removal\/#primaryimage"},"image":{"@id":"https:\/\/www.prodt.ca\/en\/winter-services\/residential-roof-snow-removal\/#primaryimage"},"thumbnailUrl":"https:\/\/www.prodt.ca\/wp-content\/uploads\/2022\/04\/roof-snow.jpg","datePublished":"2022-04-28T20:45:09+00:00","dateModified":"2024-03-12T18:58:06+00:00","description":"To preserve your roof\u2019s structure, benefit from our professional residential roofing snow removal service in Greater Montreal & Laval. Call us for a free quote!","breadcrumb":{"@id":"https:\/\/www.prodt.ca\/en\/winter-services\/residential-roof-snow-removal\/#breadcrumb"},"inLanguage":"en-US","potentialAction":[{"@type":"ReadAction","target":["https:\/\/www.prodt.ca\/en\/winter-services\/residential-roof-snow-removal\/"]}]},{"@type":"ImageObject","inLanguage":"en-US","@id":"https:\/\/www.prodt.ca\/en\/winter-services\/residential-roof-snow-removal\/#primaryimage","url":"https:\/\/www.prodt.ca\/wp-content\/uploads\/2022\/04\/roof-snow.jpg","contentUrl":"https:\/\/www.prodt.ca\/wp-content\/uploads\/2022\/04\/roof-snow.jpg","width":1873,"height":1244,"caption":"D\u00e9neigement de toiture pour maison et commerce \u00e0 Montr\u00e9al et \u00e0 Laval"},{"@type":"BreadcrumbList","@id":"https:\/\/www.prodt.ca\/en\/winter-services\/residential-roof-snow-removal\/#breadcrumb","itemListElement":[{"@type":"ListItem","position":1,"name":"Home","item":"https:\/\/www.prodt.ca\/en\/"},{"@type":"ListItem","position":2,"name":"Winter residential services","item":"https:\/\/www.prodt.ca\/en\/winter-services\/"},{"@type":"ListItem","position":3,"name":"Residential roof snow removal"}]},{"@type":"WebSite","@id":"https:\/\/www.prodt.ca\/en\/#website","url":"https:\/\/www.prodt.ca\/en\/","name":"Pro DT Services Inc.","description":"Un service de qualit\u00e9","potentialAction":[{"@type":"SearchAction","target":{"@type":"EntryPoint","urlTemplate":"https:\/\/www.prodt.ca\/en\/?s={search_term_string}"},"query-input":{"@type":"PropertyValueSpecification","valueRequired":true,"valueName":"search_term_string"}}],"inLanguage":"en-US"}]}},"_links":{"self":[{"href":"https:\/\/www.prodt.ca\/en\/wp-json\/wp\/v2\/pages\/96","targetHints":{"allow":["GET"]}}],"collection":[{"href":"https:\/\/www.prodt.ca\/en\/wp-json\/wp\/v2\/pages"}],"about":[{"href":"https:\/\/www.prodt.ca\/en\/wp-json\/wp\/v2\/types\/page"}],"author":[{"embeddable":true,"href":"https:\/\/www.prodt.ca\/en\/wp-json\/wp\/v2\/users\/1"}],"replies":[{"embeddable":true,"href":"https:\/\/www.prodt.ca\/en\/wp-json\/wp\/v2\/comments?post=96"}],"version-history":[{"count":4,"href":"https:\/\/www.prodt.ca\/en\/wp-json\/wp\/v2\/pages\/96\/revisions"}],"predecessor-version":[{"id":347,"href":"https:\/\/www.prodt.ca\/en\/wp-json\/wp\/v2\/pages\/96\/revisions\/347"}],"up":[{"embeddable":true,"href":"https:\/\/www.prodt.ca\/en\/wp-json\/wp\/v2\/pages\/92"}],"wp:featuredmedia":[{"embeddable":true,"href":"https:\/\/www.prodt.ca\/en\/wp-json\/wp\/v2\/media\/147"}],"wp:attachment":[{"href":"https:\/\/www.prodt.ca\/en\/wp-json\/wp\/v2\/media?parent=96"}],"curies":[{"name":"wp","href":"https:\/\/api.w.org\/{rel}","templated":true}]}}