{"id":85,"date":"2022-04-28T20:11:13","date_gmt":"2022-04-28T20:11:13","guid":{"rendered":"https:\/\/www.prodt.ca\/?page_id=85"},"modified":"2025-03-27T17:57:09","modified_gmt":"2025-03-27T17:57:09","slug":"car-shelter-installation-and-removal","status":"publish","type":"page","link":"https:\/\/www.prodt.ca\/en\/car-shelter-installation-and-removal\/","title":{"rendered":"Car shelter installation and removal"},"content":{"rendered":"\n<p>If you&#8217;ve recently bought a removable car shelter, like a Tempo shelter, to protect your yard and vehicles during winter but don\u2019t have the time or energy for setup in fall or takedown in spring, we can help.<\/p>\n\n\n\n<p>ProDT Services offers professional car shelter installation and removal services in Montreal and Laval, ensuring your vehicles, yard, and parking area stay protected all winter. Our skilled technicians will guide you in choosing the best spot for your car shelter and coordinate installation to fit your schedule.&nbsp;<\/p>\n\n\n\n<p>Please note, we only provide car shelter installation and removal services\u2014we don\u2019t sell shelters themselves.<\/p>\n\n\n\n<div style=\"height:60px\" aria-hidden=\"true\" class=\"wp-block-spacer\"><\/div>\n\n\n\n<h3 class=\"Line wp-block-heading\"><strong>What services do we offer?<\/strong><\/h3>\n\n\n\n<ul class=\"wp-block-list\"><li>Installation of your car shelter (Tempo shelter) according to the standards established in your municipality<\/li><li>Cleaning of the installation site (if necessary)<\/li><li>Removal of your car shelter in the spring<\/li><\/ul>\n\n\n\n<div style=\"height:60px\" aria-hidden=\"true\" class=\"wp-block-spacer\"><\/div>\n\n\n\n<h3 class=\"Line wp-block-heading\"><strong>What are the benefits of a professional car shelter installation and removal service?<\/strong><\/h3>\n\n\n\n<ul class=\"wp-block-list\"><li>Quick and thorough installation<\/li><li>Saves time and energy<\/li><li>Expert advice on the best location to choose<\/li><\/ul>\n\n\n\n<div style=\"height:60px\" aria-hidden=\"true\" class=\"wp-block-spacer\"><\/div>\n\n\n\n<h3 class=\"Line wp-block-heading\"><strong>Why choose Pro DT Services for the installation and removal of your car shelter?<\/strong><\/h3>\n\n\n\n<ul class=\"wp-block-list\"><li>Professional, fast and efficient service<\/li><li>Technicians specially trained in Tempo shelter installation<\/li><li>State-of-the-art installation equipment<\/li><li>Scheduling of tasks according to your needs and availability<\/li><li>Competitive prices<\/li><\/ul>\n\n\n\n<div style=\"height:60px\" aria-hidden=\"true\" class=\"wp-block-spacer\"><\/div>\n\n\n\n<h3 class=\"wp-block-heading\"><strong>Call us today to request your free quote!<\/strong><\/h3>\n\n\n\n<p>If you would like more information about our Tempo shelter installation and removal services, our prices, our other services or if you would like to request a free quote, please <a href=\"https:\/\/www.prodt.ca\/en\/contact\/\">contact us<\/a>. It will be our pleasure to answer your questions!<\/p>\n","protected":false},"excerpt":{"rendered":"<p>If you&#8217;ve recently bought a removable car shelter, like a Tempo shelter, to protect your yard and vehicles during winter but don\u2019t have the time or energy for setup in fall or takedown in spring, we can help. ProDT Services [&hellip;]<\/p>\n","protected":false},"author":1,"featured_media":164,"parent":0,"menu_order":0,"comment_status":"closed","ping_status":"closed","template":"page-sidebar.php","meta":{"footnotes":""},"class_list":["post-85","page","type-page","status-publish","has-post-thumbnail","hentry"],"yoast_head":"<!-- This site is optimized with the Yoast SEO plugin v25.7 - https:\/\/yoast.com\/wordpress\/plugins\/seo\/ -->\n<title>Car shelter installation and removal Montreal | Pro DT Services Inc.<\/title>\n<meta name=\"description\" content=\"ProDT protects your vehicles all winter with car shelter installation &amp; removal services (Tempo shelters) in Montreal and Laval. Call for a free quote!\" \/>\n<meta name=\"robots\" content=\"index, follow, max-snippet:-1, max-image-preview:large, max-video-preview:-1\" \/>\n<link rel=\"canonical\" href=\"https:\/\/www.prodt.ca\/en\/car-shelter-installation-and-removal\/\" \/>\n<meta property=\"og:locale\" content=\"en_US\" \/>\n<meta property=\"og:type\" content=\"article\" \/>\n<meta property=\"og:title\" content=\"Car shelter installation and removal Montreal | Pro DT Services Inc.\" \/>\n<meta property=\"og:description\" content=\"ProDT protects your vehicles all winter with car shelter installation &amp; removal services (Tempo shelters) in Montreal and Laval. Call for a free quote!\" \/>\n<meta property=\"og:url\" content=\"https:\/\/www.prodt.ca\/en\/car-shelter-installation-and-removal\/\" \/>\n<meta property=\"og:site_name\" content=\"Pro DT Services Inc.\" \/>\n<meta property=\"article:modified_time\" content=\"2025-03-27T17:57:09+00:00\" \/>\n<meta property=\"og:image\" content=\"https:\/\/www.prodt.ca\/wp-content\/uploads\/2022\/04\/car-shelter.jpg\" \/>\n\t<meta property=\"og:image:width\" content=\"1500\" \/>\n\t<meta property=\"og:image:height\" content=\"888\" \/>\n\t<meta property=\"og:image:type\" content=\"image\/jpeg\" \/>\n<meta name=\"twitter:card\" content=\"summary_large_image\" \/>\n<meta name=\"twitter:label1\" content=\"Est. reading time\" \/>\n\t<meta name=\"twitter:data1\" content=\"2 minutes\" \/>\n<script type=\"application\/ld+json\" class=\"yoast-schema-graph\">{\"@context\":\"https:\/\/schema.org\",\"@graph\":[{\"@type\":\"WebPage\",\"@id\":\"https:\/\/www.prodt.ca\/en\/car-shelter-installation-and-removal\/\",\"url\":\"https:\/\/www.prodt.ca\/en\/car-shelter-installation-and-removal\/\",\"name\":\"Car shelter installation and removal Montreal | Pro DT Services Inc.\",\"isPartOf\":{\"@id\":\"https:\/\/www.prodt.ca\/en\/#website\"},\"primaryImageOfPage\":{\"@id\":\"https:\/\/www.prodt.ca\/en\/car-shelter-installation-and-removal\/#primaryimage\"},\"image\":{\"@id\":\"https:\/\/www.prodt.ca\/en\/car-shelter-installation-and-removal\/#primaryimage\"},\"thumbnailUrl\":\"https:\/\/www.prodt.ca\/wp-content\/uploads\/2022\/04\/car-shelter.jpg\",\"datePublished\":\"2022-04-28T20:11:13+00:00\",\"dateModified\":\"2025-03-27T17:57:09+00:00\",\"description\":\"ProDT protects your vehicles all winter with car shelter installation & removal services (Tempo shelters) in Montreal and Laval. Call for a free quote!\",\"breadcrumb\":{\"@id\":\"https:\/\/www.prodt.ca\/en\/car-shelter-installation-and-removal\/#breadcrumb\"},\"inLanguage\":\"en-US\",\"potentialAction\":[{\"@type\":\"ReadAction\",\"target\":[\"https:\/\/www.prodt.ca\/en\/car-shelter-installation-and-removal\/\"]}]},{\"@type\":\"ImageObject\",\"inLanguage\":\"en-US\",\"@id\":\"https:\/\/www.prodt.ca\/en\/car-shelter-installation-and-removal\/#primaryimage\",\"url\":\"https:\/\/www.prodt.ca\/wp-content\/uploads\/2022\/04\/car-shelter.jpg\",\"contentUrl\":\"https:\/\/www.prodt.ca\/wp-content\/uploads\/2022\/04\/car-shelter.jpg\",\"width\":1500,\"height\":888,\"caption\":\"Installation et d\u00e9sinstallation d'abris d'auto (abri tempos) \u00e0 Montr\u00e9al et \u00e0 Laval.\"},{\"@type\":\"BreadcrumbList\",\"@id\":\"https:\/\/www.prodt.ca\/en\/car-shelter-installation-and-removal\/#breadcrumb\",\"itemListElement\":[{\"@type\":\"ListItem\",\"position\":1,\"name\":\"Home\",\"item\":\"https:\/\/www.prodt.ca\/en\/\"},{\"@type\":\"ListItem\",\"position\":2,\"name\":\"Car shelter installation and removal\"}]},{\"@type\":\"WebSite\",\"@id\":\"https:\/\/www.prodt.ca\/en\/#website\",\"url\":\"https:\/\/www.prodt.ca\/en\/\",\"name\":\"Pro DT Services Inc.\",\"description\":\"Un service de qualit\u00e9\",\"potentialAction\":[{\"@type\":\"SearchAction\",\"target\":{\"@type\":\"EntryPoint\",\"urlTemplate\":\"https:\/\/www.prodt.ca\/en\/?s={search_term_string}\"},\"query-input\":{\"@type\":\"PropertyValueSpecification\",\"valueRequired\":true,\"valueName\":\"search_term_string\"}}],\"inLanguage\":\"en-US\"}]}<\/script>\n<!-- \/ Yoast SEO plugin. -->","yoast_head_json":{"title":"Car shelter installation and removal Montreal | Pro DT Services Inc.","description":"ProDT protects your vehicles all winter with car shelter installation & removal services (Tempo shelters) in Montreal and Laval. Call for a free quote!","robots":{"index":"index","follow":"follow","max-snippet":"max-snippet:-1","max-image-preview":"max-image-preview:large","max-video-preview":"max-video-preview:-1"},"canonical":"https:\/\/www.prodt.ca\/en\/car-shelter-installation-and-removal\/","og_locale":"en_US","og_type":"article","og_title":"Car shelter installation and removal Montreal | Pro DT Services Inc.","og_description":"ProDT protects your vehicles all winter with car shelter installation & removal services (Tempo shelters) in Montreal and Laval. Call for a free quote!","og_url":"https:\/\/www.prodt.ca\/en\/car-shelter-installation-and-removal\/","og_site_name":"Pro DT Services Inc.","article_modified_time":"2025-03-27T17:57:09+00:00","og_image":[{"width":1500,"height":888,"url":"https:\/\/www.prodt.ca\/wp-content\/uploads\/2022\/04\/car-shelter.jpg","type":"image\/jpeg"}],"twitter_card":"summary_large_image","twitter_misc":{"Est. reading time":"2 minutes"},"schema":{"@context":"https:\/\/schema.org","@graph":[{"@type":"WebPage","@id":"https:\/\/www.prodt.ca\/en\/car-shelter-installation-and-removal\/","url":"https:\/\/www.prodt.ca\/en\/car-shelter-installation-and-removal\/","name":"Car shelter installation and removal Montreal | Pro DT Services Inc.","isPartOf":{"@id":"https:\/\/www.prodt.ca\/en\/#website"},"primaryImageOfPage":{"@id":"https:\/\/www.prodt.ca\/en\/car-shelter-installation-and-removal\/#primaryimage"},"image":{"@id":"https:\/\/www.prodt.ca\/en\/car-shelter-installation-and-removal\/#primaryimage"},"thumbnailUrl":"https:\/\/www.prodt.ca\/wp-content\/uploads\/2022\/04\/car-shelter.jpg","datePublished":"2022-04-28T20:11:13+00:00","dateModified":"2025-03-27T17:57:09+00:00","description":"ProDT protects your vehicles all winter with car shelter installation & removal services (Tempo shelters) in Montreal and Laval. Call for a free quote!","breadcrumb":{"@id":"https:\/\/www.prodt.ca\/en\/car-shelter-installation-and-removal\/#breadcrumb"},"inLanguage":"en-US","potentialAction":[{"@type":"ReadAction","target":["https:\/\/www.prodt.ca\/en\/car-shelter-installation-and-removal\/"]}]},{"@type":"ImageObject","inLanguage":"en-US","@id":"https:\/\/www.prodt.ca\/en\/car-shelter-installation-and-removal\/#primaryimage","url":"https:\/\/www.prodt.ca\/wp-content\/uploads\/2022\/04\/car-shelter.jpg","contentUrl":"https:\/\/www.prodt.ca\/wp-content\/uploads\/2022\/04\/car-shelter.jpg","width":1500,"height":888,"caption":"Installation et d\u00e9sinstallation d'abris d'auto (abri tempos) \u00e0 Montr\u00e9al et \u00e0 Laval."},{"@type":"BreadcrumbList","@id":"https:\/\/www.prodt.ca\/en\/car-shelter-installation-and-removal\/#breadcrumb","itemListElement":[{"@type":"ListItem","position":1,"name":"Home","item":"https:\/\/www.prodt.ca\/en\/"},{"@type":"ListItem","position":2,"name":"Car shelter installation and removal"}]},{"@type":"WebSite","@id":"https:\/\/www.prodt.ca\/en\/#website","url":"https:\/\/www.prodt.ca\/en\/","name":"Pro DT Services Inc.","description":"Un service de qualit\u00e9","potentialAction":[{"@type":"SearchAction","target":{"@type":"EntryPoint","urlTemplate":"https:\/\/www.prodt.ca\/en\/?s={search_term_string}"},"query-input":{"@type":"PropertyValueSpecification","valueRequired":true,"valueName":"search_term_string"}}],"inLanguage":"en-US"}]}},"_links":{"self":[{"href":"https:\/\/www.prodt.ca\/en\/wp-json\/wp\/v2\/pages\/85","targetHints":{"allow":["GET"]}}],"collection":[{"href":"https:\/\/www.prodt.ca\/en\/wp-json\/wp\/v2\/pages"}],"about":[{"href":"https:\/\/www.prodt.ca\/en\/wp-json\/wp\/v2\/types\/page"}],"author":[{"embeddable":true,"href":"https:\/\/www.prodt.ca\/en\/wp-json\/wp\/v2\/users\/1"}],"replies":[{"embeddable":true,"href":"https:\/\/www.prodt.ca\/en\/wp-json\/wp\/v2\/comments?post=85"}],"version-history":[{"count":6,"href":"https:\/\/www.prodt.ca\/en\/wp-json\/wp\/v2\/pages\/85\/revisions"}],"predecessor-version":[{"id":473,"href":"https:\/\/www.prodt.ca\/en\/wp-json\/wp\/v2\/pages\/85\/revisions\/473"}],"wp:featuredmedia":[{"embeddable":true,"href":"https:\/\/www.prodt.ca\/en\/wp-json\/wp\/v2\/media\/164"}],"wp:attachment":[{"href":"https:\/\/www.prodt.ca\/en\/wp-json\/wp\/v2\/media?parent=85"}],"curies":[{"name":"wp","href":"https:\/\/api.w.org\/{rel}","templated":true}]}}