{"id":38,"date":"2022-04-28T16:44:36","date_gmt":"2022-04-28T16:44:36","guid":{"rendered":"https:\/\/www.prodt.ca\/?page_id=38"},"modified":"2025-04-01T16:20:46","modified_gmt":"2025-04-01T16:20:46","slug":"summer-services","status":"publish","type":"page","link":"https:\/\/www.prodt.ca\/en\/summer-services\/","title":{"rendered":"Summer residential services"},"content":{"rendered":"\n<div class=\"wp-block-group Section\"><div class=\"wp-block-group__inner-container is-layout-flow wp-block-group-is-layout-flow\">\n<div class=\"wp-block-group Wrapper\"><div class=\"wp-block-group__inner-container is-layout-flow wp-block-group-is-layout-flow\">\n<p>With the hectic pace of life, there may be occasions when you lack the time or energy to take care of your landscape. Whether you want to enhance your landscape to better sell your home, to take care of your plants, trees, lawns and shrubs or for your own personal enjoyment, landscape maintenance is not to be neglected. Pro DT Services offers you a complete landscape maintenance service, regardless of the size of your property. Our team of professionals is able to offer you a complete landscape maintenance service, in any season.<\/p>\n\n\n\n<div style=\"height:60px\" aria-hidden=\"true\" class=\"wp-block-spacer\"><\/div>\n\n\n\n<h3 class=\"Line wp-block-heading\">A professional team that listens to your needs!<\/h3>\n\n\n\n<p>You can always count on our team&#8217;s expertise! Each member of our team has the necessary skills to accomplish the landscape maintenance work you need. In addition, our technicians are regularly trained to keep up with new landscaping techniques.<\/p>\n\n\n\n<p>Our team promotes the use of state-of-the-art landscaping equipment to ensure that you are completely satisfied with our services. Also, we take in hand the planning of the various works to be carried out on your ground, in order to obtain results which will exceed all your expectations.<\/p>\n\n\n\n<div style=\"height:60px\" aria-hidden=\"true\" class=\"wp-block-spacer\"><\/div>\n\n\n\n<h3 class=\"Line wp-block-heading\">What are the benefits of hiring professionals for your landscape maintenance?<\/h3>\n\n\n\n<ul class=\"wp-block-list\"><li>Saving time, money and energy<\/li><li>Work carried out according to your requirements<\/li><li>Complete planning of the work to be done according to the season&nbsp;<\/li><li>Plants, shrubs, hedges and lawns in better health<\/li><li>Grounds, flowerbeds and lawns are always impeccable<\/li><\/ul>\n\n\n\n<div style=\"height:20px\" aria-hidden=\"true\" class=\"wp-block-spacer\"><\/div>\n\n\n\n<p>By scheduling regular maintenance with the specialists at ProDT Services, you can enjoy your outdoor space without having to worry about all the work that needs to be done! Let our team of specialists take care of your lawn, shrubs and flowerbeds<\/p>\n\n\n\n<div style=\"height:60px\" aria-hidden=\"true\" class=\"wp-block-spacer\"><\/div>\n\n\n\n<h3 class=\"wp-block-heading\">Call us today to request your free quote!<\/h3>\n\n\n\n<p>If you would like to learn more about our seasonal landscape maintenance services, our prices or if you would like to request a quote, please <a href=\"https:\/\/www.prodt.ca\/en\/contact\/\">contact us<\/a> by email or by phone. We will be happy to answer your questions!<\/p>\n<\/div><\/div>\n<\/div><\/div>\n\n\n<div class=\"Section LightGreyBlock\">\n        <div class=\"Wrapper\">\n            <div class=\"Center\">\n                <h2 class=\"Line\">\n                                       Our Summer Residential Services\n                     \n                <\/h2>\n            <\/div>\n            <div class=\"Services\">\n                                <div class=\"ServiceCol\">\n                    <a href=\"https:\/\/www.prodt.ca\/en\/summer-services\/lawn-mowing\/\">\n                    <div class=\"Image\">\n                                                    <img loading=\"lazy\" decoding=\"async\" width=\"456\" height=\"304\" src=\"https:\/\/www.prodt.ca\/wp-content\/uploads\/2022\/04\/lawn-mower-g732a200a7_1920-456x304.jpg\" class=\"attachment-thumbnail size-thumbnail wp-post-image\" alt=\"Service de tonte de pelouse \u00e0 Montr\u00e9al et Laval\" srcset=\"https:\/\/www.prodt.ca\/wp-content\/uploads\/2022\/04\/lawn-mower-g732a200a7_1920-456x304.jpg 456w, https:\/\/www.prodt.ca\/wp-content\/uploads\/2022\/04\/lawn-mower-g732a200a7_1920-768x512.jpg 768w, https:\/\/www.prodt.ca\/wp-content\/uploads\/2022\/04\/lawn-mower-g732a200a7_1920-1536x1024.jpg 1536w, https:\/\/www.prodt.ca\/wp-content\/uploads\/2022\/04\/lawn-mower-g732a200a7_1920.jpg 1920w\" sizes=\"auto, (max-width: 456px) 100vw, 456px\" \/>                                                <\/div>\n                    <div class=\"Text\">\n                        <h4>Lawn Mowing Service<\/h4>\n                    <\/div>\n                    <\/a>\n                <\/div>\n                                <div class=\"ServiceCol\">\n                    <a href=\"https:\/\/www.prodt.ca\/en\/summer-services\/flowerbed-maintenance\/\">\n                    <div class=\"Image\">\n                                                    <img loading=\"lazy\" decoding=\"async\" width=\"456\" height=\"304\" src=\"https:\/\/www.prodt.ca\/wp-content\/uploads\/2022\/04\/iStock-494526921-456x304.jpg\" class=\"attachment-thumbnail size-thumbnail wp-post-image\" alt=\"Service d&#039;entretien des plates-bandes et entretien paysager \u00e0 Montr\u00e9al et Laval\" \/>                                                <\/div>\n                    <div class=\"Text\">\n                        <h4>Flowerbed maintenance<\/h4>\n                    <\/div>\n                    <\/a>\n                <\/div>\n                                <div class=\"ServiceCol\">\n                    <a href=\"https:\/\/www.prodt.ca\/en\/summer-services\/cedar-hedge-trimming\/\">\n                    <div class=\"Image\">\n                                                    <img loading=\"lazy\" decoding=\"async\" width=\"456\" height=\"304\" src=\"https:\/\/www.prodt.ca\/wp-content\/uploads\/2022\/04\/iStock-949073368-456x304.jpg\" class=\"attachment-thumbnail size-thumbnail wp-post-image\" alt=\"Service de tailles de haies de c\u00e8dres \u00e0 Montr\u00e9al et Laval\" srcset=\"https:\/\/www.prodt.ca\/wp-content\/uploads\/2022\/04\/iStock-949073368-456x304.jpg 456w, https:\/\/www.prodt.ca\/wp-content\/uploads\/2022\/04\/iStock-949073368-768x512.jpg 768w, https:\/\/www.prodt.ca\/wp-content\/uploads\/2022\/04\/iStock-949073368-1536x1024.jpg 1536w, https:\/\/www.prodt.ca\/wp-content\/uploads\/2022\/04\/iStock-949073368.jpg 1920w\" sizes=\"auto, (max-width: 456px) 100vw, 456px\" \/>                                                <\/div>\n                    <div class=\"Text\">\n                        <h4>Cedar Hedge Trimming Services in Montreal<\/h4>\n                    <\/div>\n                    <\/a>\n                <\/div>\n                                <div class=\"ServiceCol\">\n                    <a href=\"https:\/\/www.prodt.ca\/en\/summer-services\/sod-laying\/\">\n                    <div class=\"Image\">\n                                                    <img loading=\"lazy\" decoding=\"async\" width=\"456\" height=\"304\" src=\"https:\/\/www.prodt.ca\/wp-content\/uploads\/2022\/04\/pexels-anna-shvets-5231236-456x304.jpg\" class=\"attachment-thumbnail size-thumbnail wp-post-image\" alt=\"Service de pose de tourbe \u00e0 Montr\u00e9al et Laval\" srcset=\"https:\/\/www.prodt.ca\/wp-content\/uploads\/2022\/04\/pexels-anna-shvets-5231236-456x304.jpg 456w, https:\/\/www.prodt.ca\/wp-content\/uploads\/2022\/04\/pexels-anna-shvets-5231236-768x512.jpg 768w, https:\/\/www.prodt.ca\/wp-content\/uploads\/2022\/04\/pexels-anna-shvets-5231236-1536x1024.jpg 1536w, https:\/\/www.prodt.ca\/wp-content\/uploads\/2022\/04\/pexels-anna-shvets-5231236-2048x1365.jpg 2048w\" sizes=\"auto, (max-width: 456px) 100vw, 456px\" \/>                                                <\/div>\n                    <div class=\"Text\">\n                        <h4>Sod\u00a0Laying<\/h4>\n                    <\/div>\n                    <\/a>\n                <\/div>\n                                <div class=\"ServiceCol\">\n                    <a href=\"https:\/\/www.prodt.ca\/en\/summer-services\/spring-yard-opening\/\">\n                    <div class=\"Image\">\n                                                    <img loading=\"lazy\" decoding=\"async\" width=\"456\" height=\"304\" src=\"https:\/\/www.prodt.ca\/wp-content\/uploads\/2022\/04\/lawn-mower-gd0877f705_1920-456x304.jpg\" class=\"attachment-thumbnail size-thumbnail wp-post-image\" alt=\"Service d&#039;ouverture de terrain au printemps \u00e0 Montr\u00e9al et Laval\" srcset=\"https:\/\/www.prodt.ca\/wp-content\/uploads\/2022\/04\/lawn-mower-gd0877f705_1920-456x304.jpg 456w, https:\/\/www.prodt.ca\/wp-content\/uploads\/2022\/04\/lawn-mower-gd0877f705_1920-768x513.jpg 768w, https:\/\/www.prodt.ca\/wp-content\/uploads\/2022\/04\/lawn-mower-gd0877f705_1920-1536x1026.jpg 1536w, https:\/\/www.prodt.ca\/wp-content\/uploads\/2022\/04\/lawn-mower-gd0877f705_1920.jpg 1920w\" sizes=\"auto, (max-width: 456px) 100vw, 456px\" \/>                                                <\/div>\n                    <div class=\"Text\">\n                        <h4>Spring yard opening<\/h4>\n                    <\/div>\n                    <\/a>\n                <\/div>\n                                <div class=\"ServiceCol\">\n                    <a href=\"https:\/\/www.prodt.ca\/en\/summer-services\/fall-yard-closing\/\">\n                    <div class=\"Image\">\n                                                    <img loading=\"lazy\" decoding=\"async\" width=\"456\" height=\"304\" src=\"https:\/\/www.prodt.ca\/wp-content\/uploads\/2022\/04\/woman-operating-heavy-duty-leaf-blower-456x304.jpg\" class=\"attachment-thumbnail size-thumbnail wp-post-image\" alt=\"Service de fermeture de terrain \u00e0 l&#039;automne \u00e0 Montr\u00e9al et Laval\" srcset=\"https:\/\/www.prodt.ca\/wp-content\/uploads\/2022\/04\/woman-operating-heavy-duty-leaf-blower-456x304.jpg 456w, https:\/\/www.prodt.ca\/wp-content\/uploads\/2022\/04\/woman-operating-heavy-duty-leaf-blower-768x512.jpg 768w, https:\/\/www.prodt.ca\/wp-content\/uploads\/2022\/04\/woman-operating-heavy-duty-leaf-blower-1536x1024.jpg 1536w, https:\/\/www.prodt.ca\/wp-content\/uploads\/2022\/04\/woman-operating-heavy-duty-leaf-blower-2048x1365.jpg 2048w\" sizes=\"auto, (max-width: 456px) 100vw, 456px\" \/>                                                <\/div>\n                    <div class=\"Text\">\n                        <h4>Fall yard closing<\/h4>\n                    <\/div>\n                    <\/a>\n                <\/div>\n                                <div class=\"ServiceCol\">\n                    <a href=\"https:\/\/www.prodt.ca\/en\/summer-services\/yard-and-parking-cleaning\/\">\n                    <div class=\"Image\">\n                                                    <img loading=\"lazy\" decoding=\"async\" width=\"456\" height=\"304\" src=\"https:\/\/www.prodt.ca\/wp-content\/uploads\/2022\/04\/iStock-136989248-456x304.jpg\" class=\"attachment-thumbnail size-thumbnail wp-post-image\" alt=\"Nettoyage de terrain et de stationnement pour maison et commerce \u00e0 Montr\u00e9al et Laval\" srcset=\"https:\/\/www.prodt.ca\/wp-content\/uploads\/2022\/04\/iStock-136989248-456x304.jpg 456w, https:\/\/www.prodt.ca\/wp-content\/uploads\/2022\/04\/iStock-136989248-768x512.jpg 768w, https:\/\/www.prodt.ca\/wp-content\/uploads\/2022\/04\/iStock-136989248-1536x1024.jpg 1536w, https:\/\/www.prodt.ca\/wp-content\/uploads\/2022\/04\/iStock-136989248-2048x1365.jpg 2048w\" sizes=\"auto, (max-width: 456px) 100vw, 456px\" \/>                                                <\/div>\n                    <div class=\"Text\">\n                        <h4>Yard and parking cleaning<\/h4>\n                    <\/div>\n                    <\/a>\n                <\/div>\n                                <div class=\"ServiceCol\">\n                    <a href=\"https:\/\/www.prodt.ca\/en\/summer-services\/branch-cutting-pruning-and-small-projects\/\">\n                    <div class=\"Image\">\n                                                    <img loading=\"lazy\" decoding=\"async\" width=\"456\" height=\"304\" src=\"https:\/\/www.prodt.ca\/wp-content\/uploads\/2022\/04\/pexels-karolina-grabowska-4206112-456x304.jpg\" class=\"attachment-thumbnail size-thumbnail wp-post-image\" alt=\"\" srcset=\"https:\/\/www.prodt.ca\/wp-content\/uploads\/2022\/04\/pexels-karolina-grabowska-4206112-456x304.jpg 456w, https:\/\/www.prodt.ca\/wp-content\/uploads\/2022\/04\/pexels-karolina-grabowska-4206112-768x512.jpg 768w, https:\/\/www.prodt.ca\/wp-content\/uploads\/2022\/04\/pexels-karolina-grabowska-4206112-1536x1024.jpg 1536w, https:\/\/www.prodt.ca\/wp-content\/uploads\/2022\/04\/pexels-karolina-grabowska-4206112-2048x1365.jpg 2048w\" sizes=\"auto, (max-width: 456px) 100vw, 456px\" \/>                                                <\/div>\n                    <div class=\"Text\">\n                        <h4>Branch cutting & pruning and small projects<\/h4>\n                    <\/div>\n                    <\/a>\n                <\/div>\n                                <div class=\"ServiceCol\">\n                    <a href=\"https:\/\/www.prodt.ca\/en\/summer-services\/fence-repair\/\">\n                    <div class=\"Image\">\n                                                    <img loading=\"lazy\" decoding=\"async\" width=\"456\" height=\"304\" src=\"https:\/\/www.prodt.ca\/wp-content\/uploads\/2025\/08\/randy-fath-07dDz_PI05k-unsplash-456x304.jpg\" class=\"attachment-thumbnail size-thumbnail wp-post-image\" alt=\"\" \/>                                                <\/div>\n                    <div class=\"Text\">\n                        <h4>Fence repair<\/h4>\n                    <\/div>\n                    <\/a>\n                <\/div>\n                                <div class=\"ServiceCol\">\n                    <a href=\"https:\/\/www.prodt.ca\/en\/summer-services\/patio-repair\/\">\n                    <div class=\"Image\">\n                                                    <img loading=\"lazy\" decoding=\"async\" width=\"456\" height=\"304\" src=\"https:\/\/www.prodt.ca\/wp-content\/uploads\/2025\/08\/ChatGPT-Image-Aug-15-2025-09_58_06-AM-456x304.png\" class=\"attachment-thumbnail size-thumbnail wp-post-image\" alt=\"\" \/>                                                <\/div>\n                    <div class=\"Text\">\n                        <h4>Patio repair<\/h4>\n                    <\/div>\n                    <\/a>\n                <\/div>\n                                <div class=\"ServiceCol\">\n                    <a href=\"https:\/\/www.prodt.ca\/en\/summer-services\/tree-pruning\/\">\n                    <div class=\"Image\">\n                                                    <img loading=\"lazy\" decoding=\"async\" width=\"456\" height=\"304\" src=\"https:\/\/www.prodt.ca\/wp-content\/uploads\/2025\/08\/ChatGPT-Image-Aug-15-2025-10_01_55-AM-456x304.png\" class=\"attachment-thumbnail size-thumbnail wp-post-image\" alt=\"\" srcset=\"https:\/\/www.prodt.ca\/wp-content\/uploads\/2025\/08\/ChatGPT-Image-Aug-15-2025-10_01_55-AM-456x304.png 456w, https:\/\/www.prodt.ca\/wp-content\/uploads\/2025\/08\/ChatGPT-Image-Aug-15-2025-10_01_55-AM-768x512.png 768w, https:\/\/www.prodt.ca\/wp-content\/uploads\/2025\/08\/ChatGPT-Image-Aug-15-2025-10_01_55-AM.png 1536w\" sizes=\"auto, (max-width: 456px) 100vw, 456px\" \/>                                                <\/div>\n                    <div class=\"Text\">\n                        <h4>Tree pruning<\/h4>\n                    <\/div>\n                    <\/a>\n                <\/div>\n                                <div class=\"ServiceCol\">\n                    <a href=\"https:\/\/www.prodt.ca\/en\/summer-services\/tree-trimming\/\">\n                    <div class=\"Image\">\n                                                    <img loading=\"lazy\" decoding=\"async\" width=\"456\" height=\"304\" src=\"https:\/\/www.prodt.ca\/wp-content\/uploads\/2025\/08\/pexels-stitch-24595769-456x304.jpg\" class=\"attachment-thumbnail size-thumbnail wp-post-image\" alt=\"\" \/>                                                <\/div>\n                    <div class=\"Text\">\n                        <h4>Tree trimming<\/h4>\n                    <\/div>\n                    <\/a>\n                <\/div>\n                                <div class=\"ServiceCol\">\n                    <a href=\"https:\/\/www.prodt.ca\/en\/summer-services\/tree-maintenance-and-planting\/\">\n                    <div class=\"Image\">\n                                                    <img loading=\"lazy\" decoding=\"async\" width=\"456\" height=\"304\" src=\"https:\/\/www.prodt.ca\/wp-content\/uploads\/2025\/08\/ChatGPT-Image-Aug-15-2025-10_05_31-AM-456x304.png\" class=\"attachment-thumbnail size-thumbnail wp-post-image\" alt=\"\" srcset=\"https:\/\/www.prodt.ca\/wp-content\/uploads\/2025\/08\/ChatGPT-Image-Aug-15-2025-10_05_31-AM-456x304.png 456w, https:\/\/www.prodt.ca\/wp-content\/uploads\/2025\/08\/ChatGPT-Image-Aug-15-2025-10_05_31-AM-768x512.png 768w, https:\/\/www.prodt.ca\/wp-content\/uploads\/2025\/08\/ChatGPT-Image-Aug-15-2025-10_05_31-AM.png 1536w\" sizes=\"auto, (max-width: 456px) 100vw, 456px\" \/>                                                <\/div>\n                    <div class=\"Text\">\n                        <h4>Tree maintenance and planting<\/h4>\n                    <\/div>\n                    <\/a>\n                <\/div>\n                            <\/div>\n        <\/div>\n    <\/div>\n","protected":false},"excerpt":{"rendered":"<p>With the hectic pace of life, there may be occasions when you lack the time or energy to take care of your landscape. Whether you want to enhance your landscape to better sell your home, to take care of your [&hellip;]<\/p>\n","protected":false},"author":1,"featured_media":0,"parent":0,"menu_order":0,"comment_status":"closed","ping_status":"closed","template":"page-full.php","meta":{"footnotes":""},"class_list":["post-38","page","type-page","status-publish","hentry"],"yoast_head":"<!-- This site is optimized with the Yoast SEO plugin v25.7 - https:\/\/yoast.com\/wordpress\/plugins\/seo\/ -->\n<title>Summer residential services | Pro DT Services Inc.<\/title>\n<meta name=\"description\" content=\"Wide range of summer outdoor maintenance services (lawn mowing, sod laying, shrub pruning, flower bed maintenance) in Montreal. Call for a quote!\" \/>\n<meta name=\"robots\" content=\"index, follow, max-snippet:-1, max-image-preview:large, max-video-preview:-1\" \/>\n<link rel=\"canonical\" href=\"https:\/\/www.prodt.ca\/en\/summer-services\/\" \/>\n<meta property=\"og:locale\" content=\"en_US\" \/>\n<meta property=\"og:type\" content=\"article\" \/>\n<meta property=\"og:title\" content=\"Summer residential services | Pro DT Services Inc.\" \/>\n<meta property=\"og:description\" content=\"Wide range of summer outdoor maintenance services (lawn mowing, sod laying, shrub pruning, flower bed maintenance) in Montreal. Call for a quote!\" \/>\n<meta property=\"og:url\" content=\"https:\/\/www.prodt.ca\/en\/summer-services\/\" \/>\n<meta property=\"og:site_name\" content=\"Pro DT Services Inc.\" \/>\n<meta property=\"article:modified_time\" content=\"2025-04-01T16:20:46+00:00\" \/>\n<meta name=\"twitter:card\" content=\"summary_large_image\" \/>\n<meta name=\"twitter:label1\" content=\"Est. reading time\" \/>\n\t<meta name=\"twitter:data1\" content=\"2 minutes\" \/>\n<script type=\"application\/ld+json\" class=\"yoast-schema-graph\">{\"@context\":\"https:\/\/schema.org\",\"@graph\":[{\"@type\":\"WebPage\",\"@id\":\"https:\/\/www.prodt.ca\/en\/summer-services\/\",\"url\":\"https:\/\/www.prodt.ca\/en\/summer-services\/\",\"name\":\"Summer residential services | Pro DT Services Inc.\",\"isPartOf\":{\"@id\":\"https:\/\/www.prodt.ca\/en\/#website\"},\"datePublished\":\"2022-04-28T16:44:36+00:00\",\"dateModified\":\"2025-04-01T16:20:46+00:00\",\"description\":\"Wide range of summer outdoor maintenance services (lawn mowing, sod laying, shrub pruning, flower bed maintenance) in Montreal. Call for a quote!\",\"breadcrumb\":{\"@id\":\"https:\/\/www.prodt.ca\/en\/summer-services\/#breadcrumb\"},\"inLanguage\":\"en-US\",\"potentialAction\":[{\"@type\":\"ReadAction\",\"target\":[\"https:\/\/www.prodt.ca\/en\/summer-services\/\"]}]},{\"@type\":\"BreadcrumbList\",\"@id\":\"https:\/\/www.prodt.ca\/en\/summer-services\/#breadcrumb\",\"itemListElement\":[{\"@type\":\"ListItem\",\"position\":1,\"name\":\"Home\",\"item\":\"https:\/\/www.prodt.ca\/en\/\"},{\"@type\":\"ListItem\",\"position\":2,\"name\":\"Summer residential services\"}]},{\"@type\":\"WebSite\",\"@id\":\"https:\/\/www.prodt.ca\/en\/#website\",\"url\":\"https:\/\/www.prodt.ca\/en\/\",\"name\":\"Pro DT Services Inc.\",\"description\":\"Un service de qualit\u00e9\",\"potentialAction\":[{\"@type\":\"SearchAction\",\"target\":{\"@type\":\"EntryPoint\",\"urlTemplate\":\"https:\/\/www.prodt.ca\/en\/?s={search_term_string}\"},\"query-input\":{\"@type\":\"PropertyValueSpecification\",\"valueRequired\":true,\"valueName\":\"search_term_string\"}}],\"inLanguage\":\"en-US\"}]}<\/script>\n<!-- \/ Yoast SEO plugin. -->","yoast_head_json":{"title":"Summer residential services | Pro DT Services Inc.","description":"Wide range of summer outdoor maintenance services (lawn mowing, sod laying, shrub pruning, flower bed maintenance) in Montreal. Call for a quote!","robots":{"index":"index","follow":"follow","max-snippet":"max-snippet:-1","max-image-preview":"max-image-preview:large","max-video-preview":"max-video-preview:-1"},"canonical":"https:\/\/www.prodt.ca\/en\/summer-services\/","og_locale":"en_US","og_type":"article","og_title":"Summer residential services | Pro DT Services Inc.","og_description":"Wide range of summer outdoor maintenance services (lawn mowing, sod laying, shrub pruning, flower bed maintenance) in Montreal. Call for a quote!","og_url":"https:\/\/www.prodt.ca\/en\/summer-services\/","og_site_name":"Pro DT Services Inc.","article_modified_time":"2025-04-01T16:20:46+00:00","twitter_card":"summary_large_image","twitter_misc":{"Est. reading time":"2 minutes"},"schema":{"@context":"https:\/\/schema.org","@graph":[{"@type":"WebPage","@id":"https:\/\/www.prodt.ca\/en\/summer-services\/","url":"https:\/\/www.prodt.ca\/en\/summer-services\/","name":"Summer residential services | Pro DT Services Inc.","isPartOf":{"@id":"https:\/\/www.prodt.ca\/en\/#website"},"datePublished":"2022-04-28T16:44:36+00:00","dateModified":"2025-04-01T16:20:46+00:00","description":"Wide range of summer outdoor maintenance services (lawn mowing, sod laying, shrub pruning, flower bed maintenance) in Montreal. Call for a quote!","breadcrumb":{"@id":"https:\/\/www.prodt.ca\/en\/summer-services\/#breadcrumb"},"inLanguage":"en-US","potentialAction":[{"@type":"ReadAction","target":["https:\/\/www.prodt.ca\/en\/summer-services\/"]}]},{"@type":"BreadcrumbList","@id":"https:\/\/www.prodt.ca\/en\/summer-services\/#breadcrumb","itemListElement":[{"@type":"ListItem","position":1,"name":"Home","item":"https:\/\/www.prodt.ca\/en\/"},{"@type":"ListItem","position":2,"name":"Summer residential services"}]},{"@type":"WebSite","@id":"https:\/\/www.prodt.ca\/en\/#website","url":"https:\/\/www.prodt.ca\/en\/","name":"Pro DT Services Inc.","description":"Un service de qualit\u00e9","potentialAction":[{"@type":"SearchAction","target":{"@type":"EntryPoint","urlTemplate":"https:\/\/www.prodt.ca\/en\/?s={search_term_string}"},"query-input":{"@type":"PropertyValueSpecification","valueRequired":true,"valueName":"search_term_string"}}],"inLanguage":"en-US"}]}},"_links":{"self":[{"href":"https:\/\/www.prodt.ca\/en\/wp-json\/wp\/v2\/pages\/38","targetHints":{"allow":["GET"]}}],"collection":[{"href":"https:\/\/www.prodt.ca\/en\/wp-json\/wp\/v2\/pages"}],"about":[{"href":"https:\/\/www.prodt.ca\/en\/wp-json\/wp\/v2\/types\/page"}],"author":[{"embeddable":true,"href":"https:\/\/www.prodt.ca\/en\/wp-json\/wp\/v2\/users\/1"}],"replies":[{"embeddable":true,"href":"https:\/\/www.prodt.ca\/en\/wp-json\/wp\/v2\/comments?post=38"}],"version-history":[{"count":3,"href":"https:\/\/www.prodt.ca\/en\/wp-json\/wp\/v2\/pages\/38\/revisions"}],"predecessor-version":[{"id":489,"href":"https:\/\/www.prodt.ca\/en\/wp-json\/wp\/v2\/pages\/38\/revisions\/489"}],"wp:attachment":[{"href":"https:\/\/www.prodt.ca\/en\/wp-json\/wp\/v2\/media?parent=38"}],"curies":[{"name":"wp","href":"https:\/\/api.w.org\/{rel}","templated":true}]}}