{"id":100,"date":"2022-04-28T20:56:45","date_gmt":"2022-04-28T20:56:45","guid":{"rendered":"https:\/\/www.prodt.ca\/?page_id=100"},"modified":"2024-03-12T18:48:26","modified_gmt":"2024-03-12T18:48:26","slug":"driveway-parking-snow-removal","status":"publish","type":"page","link":"https:\/\/www.prodt.ca\/en\/winter-services\/driveway-parking-snow-removal\/","title":{"rendered":"Driveway &#038; parking snow removal"},"content":{"rendered":"\n<h2 class=\"Line wp-block-heading\">Residential driveway &amp; parking snow removal Ahuntsic<\/h2>\n\n\n\n<p>With the harshness of Quebec winters, we receive significant snowfall every year for several months. It can happen that you don&#8217;t have the time or the energy to remove snow from your yard and parking lot. Also, the equipment necessary for snow removal requires a significant investment (snowblower, abrasives, etc.).<\/p>\n\n\n\n<p>Entrust the snow removal of your driveway and residential parking lot to the professionals at ProDT Services. Our team of specialists has all the necessary equipment and training to carry out a quick and efficient snow removal that will allow you to enter and exit your yard safely all winter long.<\/p>\n\n\n\n<p>It is important to specify that we offer this service to residents of the Ahuntsic sector ONLY.<\/p>\n\n\n\n<div style=\"height:60px\" aria-hidden=\"true\" class=\"wp-block-spacer\"><\/div>\n\n\n\n<h3 class=\"Line wp-block-heading\"><strong>What services are offered?<\/strong><\/h3>\n\n\n\n<ul class=\"wp-block-list\"><li>Snow removal from your parking lot<\/li><li>Snow removal from your driveway<\/li><li>Application of abrasives (if needed)<\/li><li>Snow removal contract for the season<\/li><\/ul>\n\n\n\n<div style=\"height:60px\" aria-hidden=\"true\" class=\"wp-block-spacer\"><\/div>\n\n\n\n<h3 class=\"Line wp-block-heading\"><strong>What are the benefits of a professional snow removal service for parkings and driveways?<\/strong><\/h3>\n\n\n\n<ul class=\"wp-block-list\"><li>Reduction of potential accidents<\/li><li>Peace of mind<\/li><li>Multiple passes possible during storms<\/li><li>Better safety for occupants<\/li><\/ul>\n\n\n\n<div style=\"height:60px\" aria-hidden=\"true\" class=\"wp-block-spacer\"><\/div>\n\n\n\n<h3 class=\"Line wp-block-heading\"><strong>Why choose Pro DT Services for your driveway snow removal?<\/strong><\/h3>\n\n\n\n<ul class=\"wp-block-list\"><li>Professional, fast and efficient service<\/li><li>Technicians specially trained in snow removal&nbsp;<\/li><li>State-of-the-art equipment<\/li><li>Planning of tasks according to your needs and availability<\/li><li>Competitive prices<\/li><li>Safety standards applied to the letter<\/li><\/ul>\n\n\n\n<div style=\"height:60px\" aria-hidden=\"true\" class=\"wp-block-spacer\"><\/div>\n\n\n\n<h3 class=\"wp-block-heading\"><strong>Call us now for a free quote!<\/strong><\/h3>\n\n\n\n<p>If you would like more information about our driveway and residential parking lot snow removal services, our prices, our other services or if you would like to request a free quote, please <a href=\"https:\/\/www.prodt.ca\/en\/contact\/\">contact us<\/a>. It will be our pleasure to answer your questions!<\/p>\n","protected":false},"excerpt":{"rendered":"<p>Residential driveway &amp; parking snow removal Ahuntsic With the harshness of Quebec winters, we receive significant snowfall every year for several months. It can happen that you don&#8217;t have the time or the energy to remove snow from your yard [&hellip;]<\/p>\n","protected":false},"author":1,"featured_media":144,"parent":92,"menu_order":0,"comment_status":"closed","ping_status":"closed","template":"page-sidebar.php","meta":{"footnotes":""},"class_list":["post-100","page","type-page","status-publish","has-post-thumbnail","hentry"],"yoast_head":"<!-- This site is optimized with the Yoast SEO plugin v25.7 - https:\/\/yoast.com\/wordpress\/plugins\/seo\/ -->\n<title>Residential driveway &amp; parking snow removal Ahuntsic | Pro DT Services Inc.<\/title>\n<meta name=\"description\" content=\"For a clear and safe driveway and parking during winter, benefit from our residential driveway &amp; parking snow removal service in Ahuntsic. Free quote.\" \/>\n<meta name=\"robots\" content=\"index, follow, max-snippet:-1, max-image-preview:large, max-video-preview:-1\" \/>\n<link rel=\"canonical\" href=\"https:\/\/www.prodt.ca\/en\/winter-services\/driveway-parking-snow-removal\/\" \/>\n<meta property=\"og:locale\" content=\"en_US\" \/>\n<meta property=\"og:type\" content=\"article\" \/>\n<meta property=\"og:title\" content=\"Residential driveway &amp; parking snow removal Ahuntsic | Pro DT Services Inc.\" \/>\n<meta property=\"og:description\" content=\"For a clear and safe driveway and parking during winter, benefit from our residential driveway &amp; parking snow removal service in Ahuntsic. Free quote.\" \/>\n<meta property=\"og:url\" content=\"https:\/\/www.prodt.ca\/en\/winter-services\/driveway-parking-snow-removal\/\" \/>\n<meta property=\"og:site_name\" content=\"Pro DT Services Inc.\" \/>\n<meta property=\"article:modified_time\" content=\"2024-03-12T18:48:26+00:00\" \/>\n<meta property=\"og:image\" content=\"https:\/\/www.prodt.ca\/wp-content\/uploads\/2022\/04\/tractor-g7c845899b_1920.jpg\" \/>\n\t<meta property=\"og:image:width\" content=\"1920\" \/>\n\t<meta property=\"og:image:height\" content=\"1285\" \/>\n\t<meta property=\"og:image:type\" content=\"image\/jpeg\" \/>\n<meta name=\"twitter:card\" content=\"summary_large_image\" \/>\n<meta name=\"twitter:label1\" content=\"Est. reading time\" \/>\n\t<meta name=\"twitter:data1\" content=\"2 minutes\" \/>\n<script type=\"application\/ld+json\" class=\"yoast-schema-graph\">{\"@context\":\"https:\/\/schema.org\",\"@graph\":[{\"@type\":\"WebPage\",\"@id\":\"https:\/\/www.prodt.ca\/en\/winter-services\/driveway-parking-snow-removal\/\",\"url\":\"https:\/\/www.prodt.ca\/en\/winter-services\/driveway-parking-snow-removal\/\",\"name\":\"Residential driveway & parking snow removal Ahuntsic | Pro DT Services Inc.\",\"isPartOf\":{\"@id\":\"https:\/\/www.prodt.ca\/en\/#website\"},\"primaryImageOfPage\":{\"@id\":\"https:\/\/www.prodt.ca\/en\/winter-services\/driveway-parking-snow-removal\/#primaryimage\"},\"image\":{\"@id\":\"https:\/\/www.prodt.ca\/en\/winter-services\/driveway-parking-snow-removal\/#primaryimage\"},\"thumbnailUrl\":\"https:\/\/www.prodt.ca\/wp-content\/uploads\/2022\/04\/tractor-g7c845899b_1920.jpg\",\"datePublished\":\"2022-04-28T20:56:45+00:00\",\"dateModified\":\"2024-03-12T18:48:26+00:00\",\"description\":\"For a clear and safe driveway and parking during winter, benefit from our residential driveway & parking snow removal service in Ahuntsic. Free quote.\",\"breadcrumb\":{\"@id\":\"https:\/\/www.prodt.ca\/en\/winter-services\/driveway-parking-snow-removal\/#breadcrumb\"},\"inLanguage\":\"en-US\",\"potentialAction\":[{\"@type\":\"ReadAction\",\"target\":[\"https:\/\/www.prodt.ca\/en\/winter-services\/driveway-parking-snow-removal\/\"]}]},{\"@type\":\"ImageObject\",\"inLanguage\":\"en-US\",\"@id\":\"https:\/\/www.prodt.ca\/en\/winter-services\/driveway-parking-snow-removal\/#primaryimage\",\"url\":\"https:\/\/www.prodt.ca\/wp-content\/uploads\/2022\/04\/tractor-g7c845899b_1920.jpg\",\"contentUrl\":\"https:\/\/www.prodt.ca\/wp-content\/uploads\/2022\/04\/tractor-g7c845899b_1920.jpg\",\"width\":1920,\"height\":1285,\"caption\":\"Service de d\u00e9neigement d'entr\u00e9e de cour et stationnement \u00e0 Montr\u00e9al et Laval\"},{\"@type\":\"BreadcrumbList\",\"@id\":\"https:\/\/www.prodt.ca\/en\/winter-services\/driveway-parking-snow-removal\/#breadcrumb\",\"itemListElement\":[{\"@type\":\"ListItem\",\"position\":1,\"name\":\"Home\",\"item\":\"https:\/\/www.prodt.ca\/en\/\"},{\"@type\":\"ListItem\",\"position\":2,\"name\":\"Winter residential services\",\"item\":\"https:\/\/www.prodt.ca\/en\/winter-services\/\"},{\"@type\":\"ListItem\",\"position\":3,\"name\":\"Driveway &#038; parking snow removal\"}]},{\"@type\":\"WebSite\",\"@id\":\"https:\/\/www.prodt.ca\/en\/#website\",\"url\":\"https:\/\/www.prodt.ca\/en\/\",\"name\":\"Pro DT Services Inc.\",\"description\":\"Un service de qualit\u00e9\",\"potentialAction\":[{\"@type\":\"SearchAction\",\"target\":{\"@type\":\"EntryPoint\",\"urlTemplate\":\"https:\/\/www.prodt.ca\/en\/?s={search_term_string}\"},\"query-input\":{\"@type\":\"PropertyValueSpecification\",\"valueRequired\":true,\"valueName\":\"search_term_string\"}}],\"inLanguage\":\"en-US\"}]}<\/script>\n<!-- \/ Yoast SEO plugin. -->","yoast_head_json":{"title":"Residential driveway & parking snow removal Ahuntsic | Pro DT Services Inc.","description":"For a clear and safe driveway and parking during winter, benefit from our residential driveway & parking snow removal service in Ahuntsic. Free quote.","robots":{"index":"index","follow":"follow","max-snippet":"max-snippet:-1","max-image-preview":"max-image-preview:large","max-video-preview":"max-video-preview:-1"},"canonical":"https:\/\/www.prodt.ca\/en\/winter-services\/driveway-parking-snow-removal\/","og_locale":"en_US","og_type":"article","og_title":"Residential driveway & parking snow removal Ahuntsic | Pro DT Services Inc.","og_description":"For a clear and safe driveway and parking during winter, benefit from our residential driveway & parking snow removal service in Ahuntsic. Free quote.","og_url":"https:\/\/www.prodt.ca\/en\/winter-services\/driveway-parking-snow-removal\/","og_site_name":"Pro DT Services Inc.","article_modified_time":"2024-03-12T18:48:26+00:00","og_image":[{"width":1920,"height":1285,"url":"https:\/\/www.prodt.ca\/wp-content\/uploads\/2022\/04\/tractor-g7c845899b_1920.jpg","type":"image\/jpeg"}],"twitter_card":"summary_large_image","twitter_misc":{"Est. reading time":"2 minutes"},"schema":{"@context":"https:\/\/schema.org","@graph":[{"@type":"WebPage","@id":"https:\/\/www.prodt.ca\/en\/winter-services\/driveway-parking-snow-removal\/","url":"https:\/\/www.prodt.ca\/en\/winter-services\/driveway-parking-snow-removal\/","name":"Residential driveway & parking snow removal Ahuntsic | Pro DT Services Inc.","isPartOf":{"@id":"https:\/\/www.prodt.ca\/en\/#website"},"primaryImageOfPage":{"@id":"https:\/\/www.prodt.ca\/en\/winter-services\/driveway-parking-snow-removal\/#primaryimage"},"image":{"@id":"https:\/\/www.prodt.ca\/en\/winter-services\/driveway-parking-snow-removal\/#primaryimage"},"thumbnailUrl":"https:\/\/www.prodt.ca\/wp-content\/uploads\/2022\/04\/tractor-g7c845899b_1920.jpg","datePublished":"2022-04-28T20:56:45+00:00","dateModified":"2024-03-12T18:48:26+00:00","description":"For a clear and safe driveway and parking during winter, benefit from our residential driveway & parking snow removal service in Ahuntsic. Free quote.","breadcrumb":{"@id":"https:\/\/www.prodt.ca\/en\/winter-services\/driveway-parking-snow-removal\/#breadcrumb"},"inLanguage":"en-US","potentialAction":[{"@type":"ReadAction","target":["https:\/\/www.prodt.ca\/en\/winter-services\/driveway-parking-snow-removal\/"]}]},{"@type":"ImageObject","inLanguage":"en-US","@id":"https:\/\/www.prodt.ca\/en\/winter-services\/driveway-parking-snow-removal\/#primaryimage","url":"https:\/\/www.prodt.ca\/wp-content\/uploads\/2022\/04\/tractor-g7c845899b_1920.jpg","contentUrl":"https:\/\/www.prodt.ca\/wp-content\/uploads\/2022\/04\/tractor-g7c845899b_1920.jpg","width":1920,"height":1285,"caption":"Service de d\u00e9neigement d'entr\u00e9e de cour et stationnement \u00e0 Montr\u00e9al et Laval"},{"@type":"BreadcrumbList","@id":"https:\/\/www.prodt.ca\/en\/winter-services\/driveway-parking-snow-removal\/#breadcrumb","itemListElement":[{"@type":"ListItem","position":1,"name":"Home","item":"https:\/\/www.prodt.ca\/en\/"},{"@type":"ListItem","position":2,"name":"Winter residential services","item":"https:\/\/www.prodt.ca\/en\/winter-services\/"},{"@type":"ListItem","position":3,"name":"Driveway &#038; parking snow removal"}]},{"@type":"WebSite","@id":"https:\/\/www.prodt.ca\/en\/#website","url":"https:\/\/www.prodt.ca\/en\/","name":"Pro DT Services Inc.","description":"Un service de qualit\u00e9","potentialAction":[{"@type":"SearchAction","target":{"@type":"EntryPoint","urlTemplate":"https:\/\/www.prodt.ca\/en\/?s={search_term_string}"},"query-input":{"@type":"PropertyValueSpecification","valueRequired":true,"valueName":"search_term_string"}}],"inLanguage":"en-US"}]}},"_links":{"self":[{"href":"https:\/\/www.prodt.ca\/en\/wp-json\/wp\/v2\/pages\/100","targetHints":{"allow":["GET"]}}],"collection":[{"href":"https:\/\/www.prodt.ca\/en\/wp-json\/wp\/v2\/pages"}],"about":[{"href":"https:\/\/www.prodt.ca\/en\/wp-json\/wp\/v2\/types\/page"}],"author":[{"embeddable":true,"href":"https:\/\/www.prodt.ca\/en\/wp-json\/wp\/v2\/users\/1"}],"replies":[{"embeddable":true,"href":"https:\/\/www.prodt.ca\/en\/wp-json\/wp\/v2\/comments?post=100"}],"version-history":[{"count":4,"href":"https:\/\/www.prodt.ca\/en\/wp-json\/wp\/v2\/pages\/100\/revisions"}],"predecessor-version":[{"id":344,"href":"https:\/\/www.prodt.ca\/en\/wp-json\/wp\/v2\/pages\/100\/revisions\/344"}],"up":[{"embeddable":true,"href":"https:\/\/www.prodt.ca\/en\/wp-json\/wp\/v2\/pages\/92"}],"wp:featuredmedia":[{"embeddable":true,"href":"https:\/\/www.prodt.ca\/en\/wp-json\/wp\/v2\/media\/144"}],"wp:attachment":[{"href":"https:\/\/www.prodt.ca\/en\/wp-json\/wp\/v2\/media?parent=100"}],"curies":[{"name":"wp","href":"https:\/\/api.w.org\/{rel}","templated":true}]}}